{"id":83,"date":"2010-08-15T19:13:33","date_gmt":"2010-08-15T19:13:33","guid":{"rendered":"http:\/\/demo.studiopress.com\/genesis"},"modified":"2021-06-11T21:27:22","modified_gmt":"2021-06-12T02:27:22","slug":"contact","status":"publish","type":"page","link":"https:\/\/postinc.com\/?page_id=83","title":{"rendered":"contact us"},"content":{"rendered":"<address>Post Inc.<\/address>\n<address>2280 rue de L\u2019envol<\/address>\n<address>Montr\u00e9al, Qu\u00e9bec, Canada<\/address>\n<address>H4R 3M2<\/address>\n<address>T\u00e9l: (514) 953-9773<\/address>\n<address>\u00a0<\/address>\n<address>Jeffrey Post\u00a0 <strong>jeff@postinc.com<\/strong><\/address>\n","protected":false},"excerpt":{"rendered":"<p>Post Inc. 2280 rue de L\u2019envol Montr\u00e9al, Qu\u00e9bec, Canada H4R 3M2 T\u00e9l: (514) 953-9773 \u00a0 Jeffrey Post\u00a0 jeff@postinc.com<\/p>\n","protected":false},"author":1,"featured_media":0,"parent":0,"menu_order":11,"comment_status":"open","ping_status":"closed","template":"","meta":{"footnotes":""},"class_list":["post-83","page","type-page","status-publish","hentry","entry"],"_links":{"self":[{"href":"https:\/\/postinc.com\/index.php?rest_route=\/wp\/v2\/pages\/83","targetHints":{"allow":["GET"]}}],"collection":[{"href":"https:\/\/postinc.com\/index.php?rest_route=\/wp\/v2\/pages"}],"about":[{"href":"https:\/\/postinc.com\/index.php?rest_route=\/wp\/v2\/types\/page"}],"author":[{"embeddable":true,"href":"https:\/\/postinc.com\/index.php?rest_route=\/wp\/v2\/users\/1"}],"replies":[{"embeddable":true,"href":"https:\/\/postinc.com\/index.php?rest_route=%2Fwp%2Fv2%2Fcomments&post=83"}],"version-history":[{"count":5,"href":"https:\/\/postinc.com\/index.php?rest_route=\/wp\/v2\/pages\/83\/revisions"}],"predecessor-version":[{"id":499,"href":"https:\/\/postinc.com\/index.php?rest_route=\/wp\/v2\/pages\/83\/revisions\/499"}],"wp:attachment":[{"href":"https:\/\/postinc.com\/index.php?rest_route=%2Fwp%2Fv2%2Fmedia&parent=83"}],"curies":[{"name":"wp","href":"https:\/\/api.w.org\/{rel}","templated":true}]}}